{"id":94,"date":"2025-10-27T16:26:45","date_gmt":"2025-10-27T15:26:45","guid":{"rendered":"https:\/\/sc1mxog4881.universe.wf\/?page_id=94"},"modified":"2025-10-29T17:26:25","modified_gmt":"2025-10-29T16:26:25","slug":"couturecriture-1983-galerie-david-grenoble","status":"publish","type":"page","link":"https:\/\/christinecoblentz.com\/?page_id=94","title":{"rendered":"Coutur\u00e9criture &#8211; 1983 Galerie David Grenoble"},"content":{"rendered":"\n\n\n\n\n\n\n\n<p>1983 Galerie David Grenoble<br \/>Carnet de couture<br \/> Externat Saint-Joseph, Lyon 1944<br \/><br \/> \u00ab\u2009vous prenez un petit bout de tissu vous lui donnez un coup de ciseau et vous le reprisez soigneusement.\u2009\u00bb<br \/> ______________________________________<br \/><br \/> C\u2019est la pointe de l\u2019aiguille qui p\u00e9n\u00e8tre le tissu, mais ce n\u2019est que gr\u00e2ce au fil que nous parvenons \u00e0 associer deux morceaux de tissus diff\u00e9rents, \u00e0 l\u2019aide du chas de l\u2019aiguille.<br \/> L\u2019aiguille est le prolongement du corps, <br \/> le fil, un prolongement de l\u2019esprit.<br \/><br \/> KIM SOOJA<\/p>\n\n\n\n\n\n\n\n\n\n\n\n\n\n\n\n\n\n\n\n\n\n\n\n\n\n\n\n\n\n\n\n\n\n\n\n\n\n\n\n\n\n\n\n\n\n\n\n\n\n\n\n\n\n\n\n\n\n\n\n\n\n\n\n\n\n\n\n\n\n\n\n\n\n\n\n\n\n\n\n\n\n\n\n\n\n\n\n","protected":false},"excerpt":{"rendered":"","protected":false},"author":1,"featured_media":0,"parent":0,"menu_order":0,"comment_status":"closed","ping_status":"closed","template":"","meta":{"pagelayer_contact_templates":[],"_pagelayer_content":"","footnotes":""},"class_list":["post-94","page","type-page","status-publish","hentry"],"_links":{"self":[{"href":"https:\/\/christinecoblentz.com\/index.php?rest_route=\/wp\/v2\/pages\/94","targetHints":{"allow":["GET"]}}],"collection":[{"href":"https:\/\/christinecoblentz.com\/index.php?rest_route=\/wp\/v2\/pages"}],"about":[{"href":"https:\/\/christinecoblentz.com\/index.php?rest_route=\/wp\/v2\/types\/page"}],"author":[{"embeddable":true,"href":"https:\/\/christinecoblentz.com\/index.php?rest_route=\/wp\/v2\/users\/1"}],"replies":[{"embeddable":true,"href":"https:\/\/christinecoblentz.com\/index.php?rest_route=%2Fwp%2Fv2%2Fcomments&post=94"}],"version-history":[{"count":5,"href":"https:\/\/christinecoblentz.com\/index.php?rest_route=\/wp\/v2\/pages\/94\/revisions"}],"predecessor-version":[{"id":117,"href":"https:\/\/christinecoblentz.com\/index.php?rest_route=\/wp\/v2\/pages\/94\/revisions\/117"}],"wp:attachment":[{"href":"https:\/\/christinecoblentz.com\/index.php?rest_route=%2Fwp%2Fv2%2Fmedia&parent=94"}],"curies":[{"name":"wp","href":"https:\/\/api.w.org\/{rel}","templated":true}]}}