{"id":8,"date":"2025-10-23T11:28:05","date_gmt":"2025-10-23T09:28:05","guid":{"rendered":"https:\/\/sc1mxog4881.universe.wf\/?page_id=8"},"modified":"2026-01-09T18:23:10","modified_gmt":"2026-01-09T17:23:10","slug":"accueil","status":"publish","type":"page","link":"https:\/\/christinecoblentz.com\/","title":{"rendered":""},"content":{"rendered":"\n\n\n<center><h1><span style=\"text-align: center; color: rgb(255, 255, 255);\"><span style=\"font-family:Arial;\">Christine Coblentz<br>peintre, photographe<\/span><\/span><\/h1><\/center>\n\n\n\n\n\n\n\n\n\n\n\n\n<p style=\"text-align: center;\"><strong><span style=\"font-family:Arial;\">Le parcours de Christine Coblentz<\/span><\/strong><\/p>\n\n\n\n\n\n\n\n\n\n<p style=\"text-align: justify;\"><span style=\"font-size: 16.8px;\">Les travaux de Christine Coblentz sur papier journal, ouate de celullose ou papier kraft \u00e9mergent de lieux imaginaires ou d\u2019espaces r\u00e9els que ses coups de crayons \u00e9voquent au moyen d\u2019une calligraphie subtile, empreinte de traces de pigments color\u00e9s : photographies, carnets de voyage, paysages du Vaucluse, arch\u00e9ologies r\u00e9cup\u00e9r\u00e9es et d\u00e9tourn\u00e9es, natures mortes, vanit\u00e9s\u2026cet univers int\u00e9rieur r\u00e9appara\u00eet comme empli des reliquats d\u2019une m\u00e9moire surgie de mondes tr\u00e8s anciens que le pr\u00e9sent ravive.<\/span><\/p>\n\n\n\n\n\n\n\n\n\n\n<p style=\"text-align: center;\"><strong style=\"font-family: Arial; font-size: large;\">Du ramassage des haricots<\/strong><\/p>\n<p style=\"text-align: justify;\">Il y a une certaine parent\u00e9 entre ma fa\u00e7on de travailler et de cueillir des haricots dans le jardin..\nEn effet, je commence par quelques pieds au d\u00e9but d\u2019une rang\u00e9e .Puis, je passe \u00e0 l\u2019autre, je reviens \u00e0 la premi\u00e8re, au milieu, \u00e0 la fin, au d\u00e9but, et ainsi de suite. C\u2019est moins monotone, je pense \u00e0 autre choses, les calculs, la g\u00e9om\u00e9trie m\u2019abandonnent.\nAu bout du compte, les haricots sont bien dans le panier.\nLa seule diff\u00e9rence, c\u2019est que mon carr\u00e9 de peintures n\u2019est jamais termin\u00e9, le carr\u00e9 de haricots si\u2026\nLe r\u00e9sultat n\u2019est pas sans rappeler une sorte de tissage, des fils qui s\u2019entrecroisent d\u2019une mani\u00e8re al\u00e9atoire.\nUn certain moment se font des n\u0153uds, des intersections, des convergences \u2026\nPeut-\u00eatre est-ce pour cette raison que des travaux anciens peuvent prendre une r\u00e9sonance nouvelle en pr\u00e9sence d\u2019\u0153uvres plus r\u00e9centes.\nDe nouvelles lectures, d\u2019autres sens peuvent ouvrir de nouvelles pistes\u2026<\/p>\n<p style=\"text-align: right;\"><em>Christine Coblentz<\/em><\/p>\n\n\n","protected":false},"excerpt":{"rendered":"","protected":false},"author":1,"featured_media":0,"parent":0,"menu_order":0,"comment_status":"closed","ping_status":"closed","template":"","meta":{"pagelayer_contact_templates":[],"_pagelayer_content":"","footnotes":""},"class_list":["post-8","page","type-page","status-publish","hentry"],"_links":{"self":[{"href":"https:\/\/christinecoblentz.com\/index.php?rest_route=\/wp\/v2\/pages\/8","targetHints":{"allow":["GET"]}}],"collection":[{"href":"https:\/\/christinecoblentz.com\/index.php?rest_route=\/wp\/v2\/pages"}],"about":[{"href":"https:\/\/christinecoblentz.com\/index.php?rest_route=\/wp\/v2\/types\/page"}],"author":[{"embeddable":true,"href":"https:\/\/christinecoblentz.com\/index.php?rest_route=\/wp\/v2\/users\/1"}],"replies":[{"embeddable":true,"href":"https:\/\/christinecoblentz.com\/index.php?rest_route=%2Fwp%2Fv2%2Fcomments&post=8"}],"version-history":[{"count":25,"href":"https:\/\/christinecoblentz.com\/index.php?rest_route=\/wp\/v2\/pages\/8\/revisions"}],"predecessor-version":[{"id":575,"href":"https:\/\/christinecoblentz.com\/index.php?rest_route=\/wp\/v2\/pages\/8\/revisions\/575"}],"wp:attachment":[{"href":"https:\/\/christinecoblentz.com\/index.php?rest_route=%2Fwp%2Fv2%2Fmedia&parent=8"}],"curies":[{"name":"wp","href":"https:\/\/api.w.org\/{rel}","templated":true}]}}