{"id":458,"date":"2025-11-16T18:41:25","date_gmt":"2025-11-16T17:41:25","guid":{"rendered":"https:\/\/sc1mxog4881.universe.wf\/?page_id=458"},"modified":"2025-11-16T18:43:59","modified_gmt":"2025-11-16T17:43:59","slug":"livre-du-tissage-2022","status":"publish","type":"page","link":"https:\/\/christinecoblentz.com\/?page_id=458","title":{"rendered":"Livre \u00ab\u00a0Du tissage\u00a0\u00bb 2022"},"content":{"rendered":"\n\n\n\n\n\n\n\n\n\n\n\n\n\n\n\n\n\n\n\n\n\n\n<p>Il y a une certaine parent\u00e9 entre ma fa\u00e7on de travailler et de cueillir des haricots dans le jardin.<br \/>Je commence par quelques pieds au d\u00e9but d\u2019une rang\u00e9e, puis je passe \u00e0 l\u2019autre.<br \/>Je reviens \u00e0 la premi\u00e8re, \u00e0 celle du milieu, \u00e0 la fin, au d\u00e9but et ainsi de suite.<br \/>C\u2019est moins monotone.<br \/>Je pense \u00e0 d\u2019autres choses, calculs, g\u00e9om\u00e9trie m\u2019abandonnent.<br \/>Mais au bout du compte les haricots sont dans le panier.<br \/>La seule diff\u00e9rence, c\u2019est que mon carr\u00e9 de peintures ou mon dessin ne sont jamais termin\u00e9s.<br \/>Le carr\u00e9 de haricots si.<br \/>Le r\u00e9sultat me rappelle une sorte de tissage, des fils qui s\u2019entrecroisent, s\u2019emm\u00ealent d\u2019une mani\u00e8re al\u00e9atoire.<br \/>A un certain moment se cr\u00e9ent des noeuds, des intersections, des convergences.<br \/>Est-ce pour cette raison que ce que j\u2019avais fait plusieurs ann\u00e9es auparavant prend une r\u00e9sonance nouvelle en pr\u00e9sence d\u2019oeuvres plus r\u00e9centes ?<br \/>D\u2019autres sens peuvent mener \u00e0 une nouvelle lecture, ouvrir de nouvelles pistes\u2026<br \/><br \/> Photographies &#8211; Claix, 2022<\/p>\n\n\n","protected":false},"excerpt":{"rendered":"","protected":false},"author":1,"featured_media":0,"parent":0,"menu_order":0,"comment_status":"closed","ping_status":"closed","template":"","meta":{"pagelayer_contact_templates":[],"_pagelayer_content":"","footnotes":""},"class_list":["post-458","page","type-page","status-publish","hentry"],"_links":{"self":[{"href":"https:\/\/christinecoblentz.com\/index.php?rest_route=\/wp\/v2\/pages\/458","targetHints":{"allow":["GET"]}}],"collection":[{"href":"https:\/\/christinecoblentz.com\/index.php?rest_route=\/wp\/v2\/pages"}],"about":[{"href":"https:\/\/christinecoblentz.com\/index.php?rest_route=\/wp\/v2\/types\/page"}],"author":[{"embeddable":true,"href":"https:\/\/christinecoblentz.com\/index.php?rest_route=\/wp\/v2\/users\/1"}],"replies":[{"embeddable":true,"href":"https:\/\/christinecoblentz.com\/index.php?rest_route=%2Fwp%2Fv2%2Fcomments&post=458"}],"version-history":[{"count":3,"href":"https:\/\/christinecoblentz.com\/index.php?rest_route=\/wp\/v2\/pages\/458\/revisions"}],"predecessor-version":[{"id":465,"href":"https:\/\/christinecoblentz.com\/index.php?rest_route=\/wp\/v2\/pages\/458\/revisions\/465"}],"wp:attachment":[{"href":"https:\/\/christinecoblentz.com\/index.php?rest_route=%2Fwp%2Fv2%2Fmedia&parent=458"}],"curies":[{"name":"wp","href":"https:\/\/api.w.org\/{rel}","templated":true}]}}