{"id":428,"date":"2025-11-16T17:04:15","date_gmt":"2025-11-16T16:04:15","guid":{"rendered":"https:\/\/sc1mxog4881.universe.wf\/?page_id=428"},"modified":"2025-11-16T17:05:13","modified_gmt":"2025-11-16T16:05:13","slug":"livre-intitule-mirare","status":"publish","type":"page","link":"https:\/\/christinecoblentz.com\/?page_id=428","title":{"rendered":"Livre intitul\u00e9 Mirare"},"content":{"rendered":"\n\n\n\n\n\n\n\n<p>Prises vol\u00e9es \u00e0 des \u00e9poques diff\u00e9rentes, dans des lieux anodins ou interdits.<br \/> Motifs divers, choisis ou pas, extraits de leur contexte.<br \/> Un certain ordre s\u2019impose pourtant dans le chaos&#8230;<br \/> Le regard glisse, traverse les images&#8230;<br \/> On peut bien passer \u00e0 c\u00f4t\u00e9 sans voir&#8230;<br \/> Les mises au jour.<br \/> Clich\u00e9s empil\u00e9s dans de vieux cartons, parfois oubli\u00e9s depuis 30 ans.<br \/> Le temps a eu le temps de travailler sur les images.<br \/> Les isoler les mettre en relation.<br \/> Cr\u00e9er un nouveau sens, un parmi tant d\u2019autres&#8230;<br \/> Correspondances tiss\u00e9es, incongrues, ambig\u00fces.<br \/> Dessin \/ peinture \/ sculpture \/ photographie.<br \/> Les fils s\u2019entrelacent comme dans une toile.<br \/> L\u2019image capture le regard.<br \/> Chercher un sens, une issue.<br \/><br \/> 60 photographies &#8211; Claix, avril 2018 <br \/><br \/> \u00e9dition de 100 exemplaires dont 70 num\u00e9rot\u00e9s.<br \/> Le recueil est d\u00e9j\u00e0 disponible.<br \/> R\u00e9servation, renseignements: 06 17 97 40 27<\/p>\n\n\n","protected":false},"excerpt":{"rendered":"","protected":false},"author":1,"featured_media":0,"parent":0,"menu_order":0,"comment_status":"closed","ping_status":"closed","template":"","meta":{"pagelayer_contact_templates":[],"_pagelayer_content":"","footnotes":""},"class_list":["post-428","page","type-page","status-publish","hentry"],"_links":{"self":[{"href":"https:\/\/christinecoblentz.com\/index.php?rest_route=\/wp\/v2\/pages\/428","targetHints":{"allow":["GET"]}}],"collection":[{"href":"https:\/\/christinecoblentz.com\/index.php?rest_route=\/wp\/v2\/pages"}],"about":[{"href":"https:\/\/christinecoblentz.com\/index.php?rest_route=\/wp\/v2\/types\/page"}],"author":[{"embeddable":true,"href":"https:\/\/christinecoblentz.com\/index.php?rest_route=\/wp\/v2\/users\/1"}],"replies":[{"embeddable":true,"href":"https:\/\/christinecoblentz.com\/index.php?rest_route=%2Fwp%2Fv2%2Fcomments&post=428"}],"version-history":[{"count":2,"href":"https:\/\/christinecoblentz.com\/index.php?rest_route=\/wp\/v2\/pages\/428\/revisions"}],"predecessor-version":[{"id":431,"href":"https:\/\/christinecoblentz.com\/index.php?rest_route=\/wp\/v2\/pages\/428\/revisions\/431"}],"wp:attachment":[{"href":"https:\/\/christinecoblentz.com\/index.php?rest_route=%2Fwp%2Fv2%2Fmedia&parent=428"}],"curies":[{"name":"wp","href":"https:\/\/api.w.org\/{rel}","templated":true}]}}