{"id":396,"date":"2025-11-07T12:29:16","date_gmt":"2025-11-07T11:29:16","guid":{"rendered":"https:\/\/sc1mxog4881.universe.wf\/?page_id=396"},"modified":"2025-11-07T12:34:28","modified_gmt":"2025-11-07T11:34:28","slug":"nuages","status":"publish","type":"page","link":"https:\/\/christinecoblentz.com\/?page_id=396","title":{"rendered":"Nuages"},"content":{"rendered":"\n\n\n\n\n\n\n\n<p>Cr\u00e9er quelque chose \u00e0 partir de points ou r\u00e9soudre une forme en ses composants\u2009: tel est le jeu favori de Christine Coblentz. En cela l\u2019image du nuage peut servir de paradigme. Le spectacle du ciel offre \u00e0 celui qui n\u2019oublie pas de le contempler le miracle toujours recommenc\u00e9 de la formation de formes \u00e9ph\u00e9m\u00e8res et de leur dissolution\u2009: la m\u00e9tamorphose s\u2019effectue en une seconde et ensuite, plus rien. C\u2019est ce tremblement de la forme et de l\u2019informe, que l\u2019artiste tente de donner \u00e0 voir dans une \u0153uvre durable faite en peinture \u00e0 l\u2019\u0153uf. Il faut se battre avec la mati\u00e8re, non seulement trouver le bon m\u00e9lange de pigment, d\u2019eau, de vinaigre et de jaune d\u2019\u0153uf, multiplier les couches de peinture, mais il faut encore traquer les brillances, les transparences, les lumi\u00e8res pour donner \u00e0 voir une masse immat\u00e9rielle d\u00e8s l\u2019instant o\u00f9 venant de se constituer, elle est d\u00e9j\u00e0 en train de se d\u00e9faire. C\u2019est ainsi que ces nuages deviennent des Id\u00e9es de nuage.<br><br>\u00c9liane Burnet<\/p>\n\n\n\n\n\n\n\n\n\n\n\n\n\n\n\n\n\n\n\n\n\n\n\n\n\n\n\n","protected":false},"excerpt":{"rendered":"","protected":false},"author":1,"featured_media":0,"parent":0,"menu_order":0,"comment_status":"closed","ping_status":"closed","template":"","meta":{"pagelayer_contact_templates":[],"_pagelayer_content":"","footnotes":""},"class_list":["post-396","page","type-page","status-publish","hentry"],"_links":{"self":[{"href":"https:\/\/christinecoblentz.com\/index.php?rest_route=\/wp\/v2\/pages\/396","targetHints":{"allow":["GET"]}}],"collection":[{"href":"https:\/\/christinecoblentz.com\/index.php?rest_route=\/wp\/v2\/pages"}],"about":[{"href":"https:\/\/christinecoblentz.com\/index.php?rest_route=\/wp\/v2\/types\/page"}],"author":[{"embeddable":true,"href":"https:\/\/christinecoblentz.com\/index.php?rest_route=\/wp\/v2\/users\/1"}],"replies":[{"embeddable":true,"href":"https:\/\/christinecoblentz.com\/index.php?rest_route=%2Fwp%2Fv2%2Fcomments&post=396"}],"version-history":[{"count":3,"href":"https:\/\/christinecoblentz.com\/index.php?rest_route=\/wp\/v2\/pages\/396\/revisions"}],"predecessor-version":[{"id":404,"href":"https:\/\/christinecoblentz.com\/index.php?rest_route=\/wp\/v2\/pages\/396\/revisions\/404"}],"wp:attachment":[{"href":"https:\/\/christinecoblentz.com\/index.php?rest_route=%2Fwp%2Fv2%2Fmedia&parent=396"}],"curies":[{"name":"wp","href":"https:\/\/api.w.org\/{rel}","templated":true}]}}