{"id":333,"date":"2025-11-07T11:54:40","date_gmt":"2025-11-07T10:54:40","guid":{"rendered":"https:\/\/sc1mxog4881.universe.wf\/?page_id=333"},"modified":"2025-11-07T12:12:28","modified_gmt":"2025-11-07T11:12:28","slug":"2-points-en-avant-1-point-en-arriere-2013-espace-aragon-villard-bonnot","status":"publish","type":"page","link":"https:\/\/christinecoblentz.com\/?page_id=333","title":{"rendered":"2 points en avant 1 point en arri\u00e8re &#8211; 2013 &#8211; Espace Aragon Villard Bonnot"},"content":{"rendered":"\n\n\n\n\n\n\n\n<p>2 points en avant 1 point en arri\u00e8re &#8211; 2013 &#8211; Espace Aragon Villard Bonnot<\/p>\n<p>Plaisir de pr\u00e9senter simultan\u00e9ment des \u0153uvres issues de techniques tr\u00e8s diff\u00e9rentes, ex\u00e9cut\u00e9es tout au long d&rsquo;une vingtaine d&rsquo;ann\u00e9es.<br \/> Un lien invisible les relie pourtant : recherche d&rsquo;une fausse arch\u00e9ologie, brouillage du temps, des rep\u00e8res, de la m\u00e9moire.<br \/> La photographie est l\u00e0, bien pr\u00e9sente avec son pouvoir d&rsquo;illusion, l&rsquo;objectif braqu\u00e9 sur des r\u00e9alit\u00e9s du quotidien, laissant libre l&rsquo;imaginaire du spectateur \u00e9ventuel.<br \/><br \/> CC 26-06-2013<\/p>\n\n\n\n\n\n\n\n\n\n\n\n\n\n\n\n\n\n\n\n\n\n\n\n\n\n\n\n\n\n\n\n\n\n\n\n\n\n\n\n\n\n\n\n\n\n\n\n\n\n\n\n\n\n\n\n\n\n\n\n\n\n\n\n\n\n\n\n\n\n\n\n\n\n\n\n\n\n\n\n\n\n\n\n\n\n\n\n\n\n\n\n\n\n\n\n\n\n\n\n\n\n\n\n\n\n\n\n\n\n\n\n\n\n\n\n\n\n\n\n\n\n\n\n\n\n\n\n\n\n\n\n\n\n\n\n\n\n\n\n\n\n\n\n\n\n\n\n\n\n\n\n\n\n\n\n\n\n\n\n\n\n\n\n\n\n\n\n\n\n\n\n\n\n\n\n\n\n\n\n\n\n\n\n\n\n\n\n\n\n\n\n\n","protected":false},"excerpt":{"rendered":"","protected":false},"author":1,"featured_media":0,"parent":0,"menu_order":0,"comment_status":"closed","ping_status":"closed","template":"","meta":{"pagelayer_contact_templates":[],"_pagelayer_content":"","footnotes":""},"class_list":["post-333","page","type-page","status-publish","hentry"],"_links":{"self":[{"href":"https:\/\/christinecoblentz.com\/index.php?rest_route=\/wp\/v2\/pages\/333","targetHints":{"allow":["GET"]}}],"collection":[{"href":"https:\/\/christinecoblentz.com\/index.php?rest_route=\/wp\/v2\/pages"}],"about":[{"href":"https:\/\/christinecoblentz.com\/index.php?rest_route=\/wp\/v2\/types\/page"}],"author":[{"embeddable":true,"href":"https:\/\/christinecoblentz.com\/index.php?rest_route=\/wp\/v2\/users\/1"}],"replies":[{"embeddable":true,"href":"https:\/\/christinecoblentz.com\/index.php?rest_route=%2Fwp%2Fv2%2Fcomments&post=333"}],"version-history":[{"count":2,"href":"https:\/\/christinecoblentz.com\/index.php?rest_route=\/wp\/v2\/pages\/333\/revisions"}],"predecessor-version":[{"id":372,"href":"https:\/\/christinecoblentz.com\/index.php?rest_route=\/wp\/v2\/pages\/333\/revisions\/372"}],"wp:attachment":[{"href":"https:\/\/christinecoblentz.com\/index.php?rest_route=%2Fwp%2Fv2%2Fmedia&parent=333"}],"curies":[{"name":"wp","href":"https:\/\/api.w.org\/{rel}","templated":true}]}}