{"id":289,"date":"2025-11-04T14:55:38","date_gmt":"2025-11-04T13:55:38","guid":{"rendered":"https:\/\/sc1mxog4881.universe.wf\/?page_id=289"},"modified":"2025-11-04T15:12:59","modified_gmt":"2025-11-04T14:12:59","slug":"dici-et-dailleurs-2012-mairie-de-claix","status":"publish","type":"page","link":"https:\/\/christinecoblentz.com\/?page_id=289","title":{"rendered":"\u00ab\u00a0d\u2019ici et d\u2019ailleurs\u00a0\u00bb &#8211; 2012 &#8211; Mairie de Claix"},"content":{"rendered":"\n\n\n\n\n\n\n\n<p>\u00ab d\u2019ici et d\u2019ailleurs \u00bb 3 au 27 avril 2012, \u00e0 Claix<br \/><br \/> Dans certaines s\u00e9ries d\u2019\u0153uvres pr\u00e9c\u00e9dentes (par exemple, celles de la pyramide de Mazan ou de la Sabli\u00e8re de B\u00e9doin &#8211; Vaucluse), j\u2019ai jou\u00e9 sur l\u2019ambigu\u00eft\u00e9 que peut pr\u00e9senter l\u2019image photographique.<br \/> L\u2019air et l\u2019eau cr\u00e9\u00e8rent des formes al\u00e9atoires et \u00e9ph\u00e9m\u00e8res que je m\u2019appropriais. Elles prenaient un certain sens gr\u00e2ce \u00e0 l\u2019absence de rep\u00e8res\u2026<br \/> Dans ma fa\u00e7on de \u00ab voir \u00bb les choses, les paysages ou les objets, un aller-retour rapide se produit entre l\u2019\u0153il du photographe, son imaginaire et l\u2019appareil, outil de \u00ab captage \u00bb et de transmission. Les images seront utilis\u00e9es telles quelles, tr\u00e8s peu de retouches, sauf, parfois, un l\u00e9ger recadrage.<br \/> Ainsi se cr\u00e9e une autre r\u00e9alit\u00e9, \u2026 un autre univers imaginaire se r\u00e9v\u00e8le\u2026<br \/> Temps et espaces deviennent incertains, improbables\u2026<br \/><br \/> C.C CLAIX, le 20-02-2012<\/p>\n\n\n\n\n\n\n\n\n\n\n\n\n\n\n\n\n\n\n\n\n\n\n\n\n\n\n\n\n\n\n\n\n\n\n\n\n\n\n\n\n\n\n\n\n\n\n\n\n\n\n\n\n\n\n\n\n\n\n\n\n\n\n\n\n\n\n\n\n\n\n\n\n\n\n\n\n\n\n\n\n\n\n\n\n\n\n\n\n\n\n\n\n\n\n\n\n\n\n\n\n\n\n\n\n\n\n\n\n\n\n\n\n\n\n\n\n\n\n\n\n\n\n\n\n\n\n\n\n\n\n\n\n\n\n\n\n\n\n\n\n\n\n\n\n\n\n\n\n\n\n\n\n\n\n\n\n\n\n\n\n\n\n\n\n\n\n\n\n\n\n\n\n\n\n\n\n\n\n\n\n\n\n","protected":false},"excerpt":{"rendered":"","protected":false},"author":1,"featured_media":0,"parent":0,"menu_order":0,"comment_status":"closed","ping_status":"closed","template":"","meta":{"pagelayer_contact_templates":[],"_pagelayer_content":"","footnotes":""},"class_list":["post-289","page","type-page","status-publish","hentry"],"_links":{"self":[{"href":"https:\/\/christinecoblentz.com\/index.php?rest_route=\/wp\/v2\/pages\/289","targetHints":{"allow":["GET"]}}],"collection":[{"href":"https:\/\/christinecoblentz.com\/index.php?rest_route=\/wp\/v2\/pages"}],"about":[{"href":"https:\/\/christinecoblentz.com\/index.php?rest_route=\/wp\/v2\/types\/page"}],"author":[{"embeddable":true,"href":"https:\/\/christinecoblentz.com\/index.php?rest_route=\/wp\/v2\/users\/1"}],"replies":[{"embeddable":true,"href":"https:\/\/christinecoblentz.com\/index.php?rest_route=%2Fwp%2Fv2%2Fcomments&post=289"}],"version-history":[{"count":2,"href":"https:\/\/christinecoblentz.com\/index.php?rest_route=\/wp\/v2\/pages\/289\/revisions"}],"predecessor-version":[{"id":329,"href":"https:\/\/christinecoblentz.com\/index.php?rest_route=\/wp\/v2\/pages\/289\/revisions\/329"}],"wp:attachment":[{"href":"https:\/\/christinecoblentz.com\/index.php?rest_route=%2Fwp%2Fv2%2Fmedia&parent=289"}],"curies":[{"name":"wp","href":"https:\/\/api.w.org\/{rel}","templated":true}]}}