{"id":276,"date":"2025-10-29T19:20:36","date_gmt":"2025-10-29T18:20:36","guid":{"rendered":"https:\/\/sc1mxog4881.universe.wf\/?page_id=276"},"modified":"2025-10-29T19:23:31","modified_gmt":"2025-10-29T18:23:31","slug":"histoires-de-poussieres-2006-saint-vallier-poussieres-1980-2010","status":"publish","type":"page","link":"https:\/\/christinecoblentz.com\/?page_id=276","title":{"rendered":"Histoires de poussi\u00e8res &#8211; 2006 &#8211; Saint Vallier Poussi\u00e8res 1980-2010"},"content":{"rendered":"\n\n\n\n\n\n\n\n<p>Histoires de poussi\u00e8res &#8211; 2006 &#8211; Saint Vallier<\/p>\n<p>Je collectionnais des poivrons.<br \/> Comme la grenade, les oranges, ils se momifiaient avec le temps.<br \/> Jusqu\u2019\u00e0 se r\u00e9duire en poussi\u00e8res&#8230;<br \/> Je les photographiais.<br \/> Le lendemain quelqu\u2019un les avait mis \u00e0 la poubelle&#8230;<br \/> Ils devenaient tr\u00e8s pr\u00e9cieux, sauv\u00e9s de l\u2019oubli gr\u00e2ce \u00e0 la photographie.<br \/> Je passais les images sur l\u2019imprimante avec du papier Ingres comme support.<br \/> Les poivrons prirent alors leurs distances.<br \/> Le grain d\u2019Ingres se m\u00e9langeait aux points.<br \/> Le r\u00e9sultat me plut\u2009: une ambigu\u00eet\u00e9 se cr\u00e9ait\u2009: photo, dessin, gravure\u2009??<\/p>\n\n\n\n\n\n\n\n\n\n\n\n\n\n\n\n\n\n\n\n\n\n\n\n\n\n\n\n\n\n\n\n\n\n\n\n\n\n\n\n\n\n\n\n\n\n\n\n\n\n\n\n\n","protected":false},"excerpt":{"rendered":"","protected":false},"author":1,"featured_media":0,"parent":0,"menu_order":0,"comment_status":"closed","ping_status":"closed","template":"","meta":{"pagelayer_contact_templates":[],"_pagelayer_content":"","footnotes":""},"class_list":["post-276","page","type-page","status-publish","hentry"],"_links":{"self":[{"href":"https:\/\/christinecoblentz.com\/index.php?rest_route=\/wp\/v2\/pages\/276","targetHints":{"allow":["GET"]}}],"collection":[{"href":"https:\/\/christinecoblentz.com\/index.php?rest_route=\/wp\/v2\/pages"}],"about":[{"href":"https:\/\/christinecoblentz.com\/index.php?rest_route=\/wp\/v2\/types\/page"}],"author":[{"embeddable":true,"href":"https:\/\/christinecoblentz.com\/index.php?rest_route=\/wp\/v2\/users\/1"}],"replies":[{"embeddable":true,"href":"https:\/\/christinecoblentz.com\/index.php?rest_route=%2Fwp%2Fv2%2Fcomments&post=276"}],"version-history":[{"count":2,"href":"https:\/\/christinecoblentz.com\/index.php?rest_route=\/wp\/v2\/pages\/276\/revisions"}],"predecessor-version":[{"id":286,"href":"https:\/\/christinecoblentz.com\/index.php?rest_route=\/wp\/v2\/pages\/276\/revisions\/286"}],"wp:attachment":[{"href":"https:\/\/christinecoblentz.com\/index.php?rest_route=%2Fwp%2Fv2%2Fmedia&parent=276"}],"curies":[{"name":"wp","href":"https:\/\/api.w.org\/{rel}","templated":true}]}}