{"id":23,"date":"2025-10-23T12:19:16","date_gmt":"2025-10-23T10:19:16","guid":{"rendered":"https:\/\/sc1mxog4881.universe.wf\/?page_id=23"},"modified":"2025-10-23T12:47:08","modified_gmt":"2025-10-23T10:47:08","slug":"parcours","status":"publish","type":"page","link":"https:\/\/christinecoblentz.com\/?page_id=23","title":{"rendered":"Parcours"},"content":{"rendered":"\n\n\n\n\n\n\n\n<span style=\"font-size: 16.8px;\">Les travaux de Christine Coblentz sur papier journal, ouate de celullose ou papier kraft \u00e9mergent de lieux imaginaires ou d&rsquo;espaces r\u00e9els que ses coups de crayons \u00e9voquent au moyen d&rsquo;une calligraphie subtile, empreinte de traces de pigments color\u00e9s : photographies, carnets de voyage, paysages du Vaucluse, arch\u00e9ologies r\u00e9cup\u00e9r\u00e9es et d\u00e9tourn\u00e9es, natures mortes, vanit\u00e9s\u2026cet univers int\u00e9rieur r\u00e9appara\u00eet comme empli des reliquats d&rsquo;une m\u00e9moire surgie de mondes tr\u00e8s anciens que le pr\u00e9sent ravive.<\/span><p><br> On aura compris que nous sommes loin ici de l&rsquo;usage du dessin classique, mais que ces \u00e9tats de lieux, ces signes symboliques, sont \u00e0 d\u00e9chiffrer comme \u00e9criture d&rsquo;une philosophie de la vie.<br><br><\/p>\n<p class=\"texteeditionstxt2\"><em>Marie-Jos\u00e9e Bourriot-Froment<\/em><br><em> commissaire de l&rsquo;exposition \u00ab\u00a0du dessin\u2026..\u00a0\u00bb<\/em><br><em> Saint Martin d&rsquo;Uriage. Mai 2002<\/em><\/p>\n<p><br><br><br> <strong>Du ramassage des haricots<\/strong><br><br> Il y a une certaine parent\u00e9 entre ma fa\u00e7on de travailler et de cueillir des haricots dans le jardin..<br> En effet, je commence par quelques pieds au d\u00e9but d\u2019une rang\u00e9e .Puis, je passe \u00e0 l\u2019autre, je reviens \u00e0 la premi\u00e8re, au milieu, \u00e0 la fin,&nbsp;au d\u00e9but, et ainsi de suite. C\u2019est moins monotone, je pense \u00e0 autre choses, les calculs, la g\u00e9om\u00e9trie m\u2019abandonnent.<br> Au bout du compte, les haricots sont bien dans le panier.<br> La seule diff\u00e9rence, c\u2019est que mon carr\u00e9 de peintures n\u2019est jamais termin\u00e9, le carr\u00e9 de haricots si\u2026<br> Le r\u00e9sultat n\u2019est pas sans rappeler une sorte de tissage, des fils qui s\u2019entrecroisent d\u2019une mani\u00e8re al\u00e9atoire.<br> Un certain moment se font des n\u0153uds, des intersections, des convergences&nbsp;\u2026<br> Peut-\u00eatre est-ce pour cette raison que des travaux anciens peuvent prendre une r\u00e9sonance nouvelle en pr\u00e9sence d\u2019\u0153uvres plus r\u00e9centes.<br> De nouvelles lectures, d\u2019autres sens peuvent ouvrir de nouvelles pistes\u2026<\/p>\n<p class=\"texteeditionstxt2\"><em>Christine Coblentz<\/em><\/p>\n<p>&nbsp;<\/p>\n<p><strong>Des lieux<\/strong><\/p>\n<p>Les lieux o\u00f9 nous nous trouvons sont aussi importants que le passage du temps. Si nous \u00e9tions habitu\u00e9s \u00e0 faire attention \u00e0 ce qui nous entoure..Si nous \u00ab&nbsp;regardions &nbsp;. Pour moi, c\u2019est essentiel. Mais peu de lieux ont provoqu\u00e9 une \u00e9motion suffisamment forte pour arriver \u00e0 une cr\u00e9ation.&nbsp;:, le Magasin en train de se construire , ancienne usine ressemblant \u00e0 mon atelier qui allait \u00eatre d\u00e9truit, la montagne de gypse de Mazan me rappelant l\u2019un de mes dessins imaginaires, les carri\u00e8res de sable de B\u00e9doin en perp\u00e9tuelle transformation. J\u2019ai oubli\u00e9&nbsp;: un ancien h\u00f4tel \u00e0 Claix en train de se transformer en mairie. .La parent\u00e9 entre entre tous ces lieux&nbsp;:&nbsp;la pr\u00e9carit\u00e9 ou l\u2019instabilit\u00e9 due au temps.<\/p>\n<p>10 octobre 2003<br><em>Christine Coblentz<br><br><\/em><\/p>\n<p><strong>De la photo<\/strong><\/p>\n<p>Cet int\u00e9r\u00eat pour la photo m\u2019est venu d\u2019un objectif pratique&nbsp;: constituer des dossiers pour mon travail. Il s\u2019est affirm\u00e9 parall\u00e8llement, photo , dessins- peinture, l\u2019un nourrissant l\u2019autre. En 198O, il y eut cette&nbsp;\u00ab&nbsp; inscription d\u2019un espace&nbsp;\u00bb inventaire photographique d\u2019un lieu , Saisie de certains d\u00e9tails de son architecture, des objets qu\u2019il abritait. La mati\u00e8re des murs \u00e9tait rendue par des frottis sur de longs rouleaux de papier journal non imprim\u00e9. .Je photographiais ces dessins, certains de leurs d\u00e9tails..Ils prirent leur ind\u00e9pendance. Le temps , une distance transformait une perception. Le manque de technique, les imperfections, contribu\u00e8rent \u00e0 accentuer cette distance, il y avait glissement, du constat \u00e0 une \u0153uvre qui apparaissait pour elle-m\u00eame . L\u2019image photo trouve pr\u00e9cis\u00e9ment une parent\u00e9 avec l\u2019oeuvre dite plastique par son imperfecion technique , qui nous conduit \u00e0 une interpr\u00e9tation qui l\u2019\u00e9loigne de la r\u00e9alit\u00e9.<\/p>\n<p class=\"texteeditionstxt2\"><em>Christine Coblentz<\/em><\/p>\n\n\n","protected":false},"excerpt":{"rendered":"","protected":false},"author":1,"featured_media":0,"parent":0,"menu_order":0,"comment_status":"closed","ping_status":"closed","template":"","meta":{"pagelayer_contact_templates":[],"_pagelayer_content":"","footnotes":""},"class_list":["post-23","page","type-page","status-publish","hentry"],"_links":{"self":[{"href":"https:\/\/christinecoblentz.com\/index.php?rest_route=\/wp\/v2\/pages\/23","targetHints":{"allow":["GET"]}}],"collection":[{"href":"https:\/\/christinecoblentz.com\/index.php?rest_route=\/wp\/v2\/pages"}],"about":[{"href":"https:\/\/christinecoblentz.com\/index.php?rest_route=\/wp\/v2\/types\/page"}],"author":[{"embeddable":true,"href":"https:\/\/christinecoblentz.com\/index.php?rest_route=\/wp\/v2\/users\/1"}],"replies":[{"embeddable":true,"href":"https:\/\/christinecoblentz.com\/index.php?rest_route=%2Fwp%2Fv2%2Fcomments&post=23"}],"version-history":[{"count":4,"href":"https:\/\/christinecoblentz.com\/index.php?rest_route=\/wp\/v2\/pages\/23\/revisions"}],"predecessor-version":[{"id":28,"href":"https:\/\/christinecoblentz.com\/index.php?rest_route=\/wp\/v2\/pages\/23\/revisions\/28"}],"wp:attachment":[{"href":"https:\/\/christinecoblentz.com\/index.php?rest_route=%2Fwp%2Fv2%2Fmedia&parent=23"}],"curies":[{"name":"wp","href":"https:\/\/api.w.org\/{rel}","templated":true}]}}