{"id":220,"date":"2025-10-29T18:55:56","date_gmt":"2025-10-29T17:55:56","guid":{"rendered":"https:\/\/sc1mxog4881.universe.wf\/?page_id=220"},"modified":"2025-10-29T18:58:43","modified_gmt":"2025-10-29T17:58:43","slug":"sabliere-de-bedoin-1993-galerie-lydie-rekow-crest","status":"publish","type":"page","link":"https:\/\/christinecoblentz.com\/?page_id=220","title":{"rendered":"Sabli\u00e8re de B\u00e9doin &#8211; 1993 &#8211; Galerie Lydie Rekow Crest"},"content":{"rendered":"\n\n\n\n\n\n\n\n<p>Sabli\u00e8re de B\u00e9doin &#8211; 1993 &#8211; Galerie Lydie Rekow Crest<\/p>\n<p>\u00abCette sabli\u00e8re, contrairement \u00e0 celle de Roussillon (dans le Colorado Proven\u00e7al), n\u2019est pas connue du grand public. J\u2019ai donc pu, en toute solitude, photographier \u00e0 mon aise.<br \/> Je trouvais dans ces traces de pneus, des r\u00e9f\u00e9rences, des correspondances avec la gravure, la sculpture, le land-art, ou d\u2019autres pratiques de l\u2019art du paysage. Dans ces formes laiss\u00e9es par l\u2019homme en toute inconscience, il y avait une esp\u00e8ce d\u2019arch\u00e9ologie correspondant bien \u00e0 mes pr\u00e9occupations. Instabilit\u00e9 la plus totale que l\u2019on trouve dans des installations d\u2019artistes compl\u00e8tement \u00e9ph\u00e9m\u00e8res.<br \/> C\u2019\u00e9tait bien l\u2019appareil photo, l\u2019outil le plus efficace pour tenter de sauver ces traces. Mais je n\u2019ai pas voulu faire un reportage, tel n\u2019\u00e9tait pas mon propos\u00bb.<\/p>\n\n\n\n\n\n\n\n\n\n\n\n\n\n\n\n\n\n\n\n\n\n\n\n\n\n\n\n\n\n\n\n\n\n\n\n\n\n\n\n\n\n\n\n\n\n\n\n\n\n\n\n\n\n\n\n\n\n","protected":false},"excerpt":{"rendered":"","protected":false},"author":1,"featured_media":0,"parent":0,"menu_order":0,"comment_status":"closed","ping_status":"closed","template":"","meta":{"pagelayer_contact_templates":[],"_pagelayer_content":"","footnotes":""},"class_list":["post-220","page","type-page","status-publish","hentry"],"_links":{"self":[{"href":"https:\/\/christinecoblentz.com\/index.php?rest_route=\/wp\/v2\/pages\/220","targetHints":{"allow":["GET"]}}],"collection":[{"href":"https:\/\/christinecoblentz.com\/index.php?rest_route=\/wp\/v2\/pages"}],"about":[{"href":"https:\/\/christinecoblentz.com\/index.php?rest_route=\/wp\/v2\/types\/page"}],"author":[{"embeddable":true,"href":"https:\/\/christinecoblentz.com\/index.php?rest_route=\/wp\/v2\/users\/1"}],"replies":[{"embeddable":true,"href":"https:\/\/christinecoblentz.com\/index.php?rest_route=%2Fwp%2Fv2%2Fcomments&post=220"}],"version-history":[{"count":2,"href":"https:\/\/christinecoblentz.com\/index.php?rest_route=\/wp\/v2\/pages\/220\/revisions"}],"predecessor-version":[{"id":231,"href":"https:\/\/christinecoblentz.com\/index.php?rest_route=\/wp\/v2\/pages\/220\/revisions\/231"}],"wp:attachment":[{"href":"https:\/\/christinecoblentz.com\/index.php?rest_route=%2Fwp%2Fv2%2Fmedia&parent=220"}],"curies":[{"name":"wp","href":"https:\/\/api.w.org\/{rel}","templated":true}]}}