{"id":207,"date":"2025-10-29T18:47:00","date_gmt":"2025-10-29T17:47:00","guid":{"rendered":"https:\/\/sc1mxog4881.universe.wf\/?page_id=207"},"modified":"2025-10-29T18:51:43","modified_gmt":"2025-10-29T17:51:43","slug":"fin-dune-histoire-valisere-1993-musee-de-la-viscose-echirolles-valisere-1993-2004","status":"publish","type":"page","link":"https:\/\/christinecoblentz.com\/?page_id=207","title":{"rendered":"Fin d&rsquo;une histoire &#8211; Valis\u00e8re 1993 &#8211; Mus\u00e9e de la Viscose Echirolles Valis\u00e8re 1993-2004"},"content":{"rendered":"\n\n\n\n\n\n\n\n<p>Fin d&rsquo;une histoire &#8211; Valis\u00e8re 1993 &#8211; Mus\u00e9e de la Viscose Echirolles<br \/> Je p\u00e9n\u00e8tre la veille de sa d\u00e9molition, dans l\u2019usine Valis\u00e8re de Grenoble (lingerie f\u00e9minine de luxe).<br \/> L\u2019image s\u00e9ductrice de la femme est pi\u00e9tin\u00e9e, le saccage est total.<br \/> De hauts mannequins blancs fantomatiques se dressent au milieu du chaos\u2026<br \/> J\u2019apprendrais plus tard que ce sont des machines soufflantes destin\u00e9es au repassage des textiles.<br \/> Je fais une centaine de photos-constats. Elles ne seront d\u00e9velopp\u00e9es et montr\u00e9es que bien plus tard (2004).<\/p>\n\n\n\n\n\n\n\n\n\n\n\n\n\n\n\n\n\n\n\n\n\n\n\n\n\n\n\n\n\n\n\n\n\n\n\n\n\n\n\n\n\n\n","protected":false},"excerpt":{"rendered":"","protected":false},"author":1,"featured_media":0,"parent":0,"menu_order":0,"comment_status":"closed","ping_status":"closed","template":"","meta":{"pagelayer_contact_templates":[],"_pagelayer_content":"","footnotes":""},"class_list":["post-207","page","type-page","status-publish","hentry"],"_links":{"self":[{"href":"https:\/\/christinecoblentz.com\/index.php?rest_route=\/wp\/v2\/pages\/207","targetHints":{"allow":["GET"]}}],"collection":[{"href":"https:\/\/christinecoblentz.com\/index.php?rest_route=\/wp\/v2\/pages"}],"about":[{"href":"https:\/\/christinecoblentz.com\/index.php?rest_route=\/wp\/v2\/types\/page"}],"author":[{"embeddable":true,"href":"https:\/\/christinecoblentz.com\/index.php?rest_route=\/wp\/v2\/users\/1"}],"replies":[{"embeddable":true,"href":"https:\/\/christinecoblentz.com\/index.php?rest_route=%2Fwp%2Fv2%2Fcomments&post=207"}],"version-history":[{"count":2,"href":"https:\/\/christinecoblentz.com\/index.php?rest_route=\/wp\/v2\/pages\/207\/revisions"}],"predecessor-version":[{"id":216,"href":"https:\/\/christinecoblentz.com\/index.php?rest_route=\/wp\/v2\/pages\/207\/revisions\/216"}],"wp:attachment":[{"href":"https:\/\/christinecoblentz.com\/index.php?rest_route=%2Fwp%2Fv2%2Fmedia&parent=207"}],"curies":[{"name":"wp","href":"https:\/\/api.w.org\/{rel}","templated":true}]}}