{"id":191,"date":"2025-10-29T18:40:52","date_gmt":"2025-10-29T17:40:52","guid":{"rendered":"https:\/\/sc1mxog4881.universe.wf\/?page_id=191"},"modified":"2025-10-29T18:44:01","modified_gmt":"2025-10-29T17:44:01","slug":"etat-de-choses-2-1992-musee-hebert-isere","status":"publish","type":"page","link":"https:\/\/christinecoblentz.com\/?page_id=191","title":{"rendered":"Etat de choses 2 &#8211; 1992 &#8211; Mus\u00e9e H\u00e9bert, Is\u00e8re"},"content":{"rendered":"\n\n\n\n\n\n\n\n<p>Etat de choses 2 &#8211; 1992 &#8211; Mus\u00e9e H\u00e9bert, Is\u00e8re<\/p>\n<p>Le travail du temps joue dans le sens de CC quand il lui offre les chantiers de d\u00e9molition des quartiers v\u00e9tustes de la cit\u00e9. Une usure qu\u2019elle endosse d\u00e8s l\u2019instant o\u00f9 elle \u00e9tablit une connivence, un rapport subjectif avec l\u2019impersonnelle rencontre de mat\u00e9riaux cass\u00e9s, d\u00e9tach\u00e9s, d\u00e9chir\u00e9s, marqu\u00e9s par les griffures et l\u2019acharnement de la destruction. \u00c0 la d\u00e9sh\u00e9rence des lieux abandonn\u00e9s, des rebuts, CC propose un regain de vie: de l\u00e0, ses analectes du contexte urbain, d\u2019objets en voie de disparition. Elle dit le possible renouvellement des \u00ab\u2009\u00e9tats d\u00e9pass\u00e9s\u2009\u00bb ou d\u00e9laiss\u00e9s. Il y a chez elle cette d\u00e9marche de l\u2019\u00e9merveillement devant la chose trouv\u00e9e, sortie de l\u2019anonymat par son choix. Son regard fouille le sol toujours riche d\u2019attente, d\u2019impr\u00e9visibles mutations \u00e0 op\u00e9rer. Les strates \u00e9difi\u00e9s, les pans de mur encore debout, la diversit\u00e9 des pi\u00e8ces, leur r\u00e9partition en tapisseries, couleurs, formes, mu-til\u00e9es, l\u2019autorisent \u00e0 jouer sur la transposition, la transparence de sa m\u00e9moire.<br \/><br \/> Henri NESME,<br \/> fondation H\u00e9bert d\u2019Uckermann 1992<\/p>\n\n\n\n\n\n\n\n\n\n\n\n\n\n\n\n\n\n\n\n\n\n\n\n\n\n\n\n\n\n\n\n\n\n\n\n\n\n\n\n\n\n\n\n\n\n\n\n\n\n\n\n\n\n\n\n\n\n\n\n\n\n\n","protected":false},"excerpt":{"rendered":"","protected":false},"author":1,"featured_media":0,"parent":0,"menu_order":0,"comment_status":"closed","ping_status":"closed","template":"","meta":{"pagelayer_contact_templates":[],"_pagelayer_content":"","footnotes":""},"class_list":["post-191","page","type-page","status-publish","hentry"],"_links":{"self":[{"href":"https:\/\/christinecoblentz.com\/index.php?rest_route=\/wp\/v2\/pages\/191","targetHints":{"allow":["GET"]}}],"collection":[{"href":"https:\/\/christinecoblentz.com\/index.php?rest_route=\/wp\/v2\/pages"}],"about":[{"href":"https:\/\/christinecoblentz.com\/index.php?rest_route=\/wp\/v2\/types\/page"}],"author":[{"embeddable":true,"href":"https:\/\/christinecoblentz.com\/index.php?rest_route=\/wp\/v2\/users\/1"}],"replies":[{"embeddable":true,"href":"https:\/\/christinecoblentz.com\/index.php?rest_route=%2Fwp%2Fv2%2Fcomments&post=191"}],"version-history":[{"count":2,"href":"https:\/\/christinecoblentz.com\/index.php?rest_route=\/wp\/v2\/pages\/191\/revisions"}],"predecessor-version":[{"id":204,"href":"https:\/\/christinecoblentz.com\/index.php?rest_route=\/wp\/v2\/pages\/191\/revisions\/204"}],"wp:attachment":[{"href":"https:\/\/christinecoblentz.com\/index.php?rest_route=%2Fwp%2Fv2%2Fmedia&parent=191"}],"curies":[{"name":"wp","href":"https:\/\/api.w.org\/{rel}","templated":true}]}}