{"id":154,"date":"2025-10-29T17:54:26","date_gmt":"2025-10-29T16:54:26","guid":{"rendered":"https:\/\/sc1mxog4881.universe.wf\/?page_id=154"},"modified":"2025-10-29T17:56:23","modified_gmt":"2025-10-29T16:56:23","slug":"fort-du-bruissin-1985-francheville-le-haut","status":"publish","type":"page","link":"https:\/\/christinecoblentz.com\/?page_id=154","title":{"rendered":"Fort du Bruissin &#8211; 1985 Francheville le Haut"},"content":{"rendered":"\n\n\n\n\n\n\n\n<p>1985 Francheville le Haut &#8211; Projet<br \/> Un fort d\u00e9saffect\u00e9 parmi ceux qui entourent la ville de Lyon, occup\u00e9 autrefois par un atelier de gravure\u2009: l\u2019ALMA.<br \/> M\u00e9moriser les traces que laissent les diff\u00e9rents occupants du lieu. Des lances, des stylets, des pointes \u00e7\u00e0 pique, \u00e7\u00e0 coupe, \u00e7\u00e0 d\u00e9coud\u2009:<br \/> Carapaces \/ boucliers<br \/> Se prot\u00e9ger, se d\u00e9fendre\u2026<br \/> petit jeu cruel du graveur qui enfonce sa trace avec acharnement dans le bois, le m\u00e9tal . . .<br \/> Mettre au sol la matrice qui a servi \u00e0 faire les grands estampages de l\u2019image d\u2019une tortue.<br \/> Installer ces estampes en face \u00e0 face sur les murs et au sol.<\/p>\n\n\n\n\n<p>Lorem Ipsum has been the industry&rsquo;s standard dummy text ever since the 1500s.<\/p>\n\n\n\n\n<p>Lorem Ipsum has been the industry&rsquo;s standard dummy text ever since the 1500s.<\/p>\n\n\n\n\n<p>Lorem Ipsum has been the industry&rsquo;s standard dummy text ever since the 1500s.<\/p>\n\n\n\n\n<p>Lorem Ipsum has been the industry&rsquo;s standard dummy text ever since the 1500s.<\/p>\n\n\n\n\n<p>Lorem Ipsum has been the industry&rsquo;s standard dummy text ever since the 1500s.<\/p>\n\n\n\n\n\n\n\n","protected":false},"excerpt":{"rendered":"","protected":false},"author":1,"featured_media":0,"parent":0,"menu_order":0,"comment_status":"closed","ping_status":"closed","template":"","meta":{"pagelayer_contact_templates":[],"_pagelayer_content":"","footnotes":""},"class_list":["post-154","page","type-page","status-publish","hentry"],"_links":{"self":[{"href":"https:\/\/christinecoblentz.com\/index.php?rest_route=\/wp\/v2\/pages\/154","targetHints":{"allow":["GET"]}}],"collection":[{"href":"https:\/\/christinecoblentz.com\/index.php?rest_route=\/wp\/v2\/pages"}],"about":[{"href":"https:\/\/christinecoblentz.com\/index.php?rest_route=\/wp\/v2\/types\/page"}],"author":[{"embeddable":true,"href":"https:\/\/christinecoblentz.com\/index.php?rest_route=\/wp\/v2\/users\/1"}],"replies":[{"embeddable":true,"href":"https:\/\/christinecoblentz.com\/index.php?rest_route=%2Fwp%2Fv2%2Fcomments&post=154"}],"version-history":[{"count":2,"href":"https:\/\/christinecoblentz.com\/index.php?rest_route=\/wp\/v2\/pages\/154\/revisions"}],"predecessor-version":[{"id":160,"href":"https:\/\/christinecoblentz.com\/index.php?rest_route=\/wp\/v2\/pages\/154\/revisions\/160"}],"wp:attachment":[{"href":"https:\/\/christinecoblentz.com\/index.php?rest_route=%2Fwp%2Fv2%2Fmedia&parent=154"}],"curies":[{"name":"wp","href":"https:\/\/api.w.org\/{rel}","templated":true}]}}