{"id":140,"date":"2025-10-29T17:43:59","date_gmt":"2025-10-29T16:43:59","guid":{"rendered":"https:\/\/sc1mxog4881.universe.wf\/?page_id=140"},"modified":"2025-10-29T17:49:31","modified_gmt":"2025-10-29T16:49:31","slug":"ikea-1988-serie-de-linogravures","status":"publish","type":"page","link":"https:\/\/christinecoblentz.com\/?page_id=140","title":{"rendered":"Ikea &#8211; 1988 &#8211; s\u00e9rie de linogravures"},"content":{"rendered":"\n\n\n\n\n\n\n\n<p>1988 &#8211; s\u00e9rie de linogravures<br \/>\u2026le d\u00e9roulement, au sens propre du mot, \u00e9voqu\u00e9 dans le trac\u00e9 continu d\u2019une ligne h\u00e9sitante dessinant les contours d\u2019une table vue en coupe (s\u00e9rie IKEA, 1989).<br \/> La silhouette de l\u2019objet prend un caract\u00e8re anthropomorphique\u2009: les longs pieds semblent mal supporter le poids du plateau encombr\u00e9 de maints objets abandonn\u00e9s\u2026 \u2026Mais leur forme n\u2019est d\u00e9finie que par leur contour\u2009; vus en coupe, eux aussi, ils constituent la partie sup\u00e9rieure de la table et du tableau et sont inclus \u00e0 sa structure m\u00eame. Il est difficile de d\u00e9finir si c\u2019est le bois de la table qui les a absorb\u00e9s ou s\u2019ils sont n\u00e9s d\u2019elle\u2026<br \/><br \/> (extrait) Lydie Rekow-Fond<\/p>\n\n\n\n\n<p>Lorem Ipsum has been the industry&rsquo;s standard dummy text ever since the 1500s.<\/p>\n\n\n\n\n<p>Lorem Ipsum has been the industry&rsquo;s standard dummy text ever since the 1500s.<\/p>\n\n\n\n\n<p>Lorem Ipsum has been the industry&rsquo;s standard dummy text ever since the 1500s.<\/p>\n\n\n\n\n<p>Lorem Ipsum has been the industry&rsquo;s standard dummy text ever since the 1500s.<\/p>\n\n\n\n\n<p>Lorem Ipsum has been the industry&rsquo;s standard dummy text ever since the 1500s.<\/p>\n\n\n\n\n<p>Lorem Ipsum has been the industry&rsquo;s standard dummy text ever since the 1500s.<\/p>\n\n\n\n\n<p>Lorem Ipsum has been the industry&rsquo;s standard dummy text ever since the 1500s.<\/p>\n\n\n\n\n<p>Lorem Ipsum has been the industry&rsquo;s standard dummy text ever since the 1500s.<\/p>\n\n\n\n\n\n\n\n","protected":false},"excerpt":{"rendered":"","protected":false},"author":1,"featured_media":0,"parent":0,"menu_order":0,"comment_status":"closed","ping_status":"closed","template":"","meta":{"pagelayer_contact_templates":[],"_pagelayer_content":"","footnotes":""},"class_list":["post-140","page","type-page","status-publish","hentry"],"_links":{"self":[{"href":"https:\/\/christinecoblentz.com\/index.php?rest_route=\/wp\/v2\/pages\/140","targetHints":{"allow":["GET"]}}],"collection":[{"href":"https:\/\/christinecoblentz.com\/index.php?rest_route=\/wp\/v2\/pages"}],"about":[{"href":"https:\/\/christinecoblentz.com\/index.php?rest_route=\/wp\/v2\/types\/page"}],"author":[{"embeddable":true,"href":"https:\/\/christinecoblentz.com\/index.php?rest_route=\/wp\/v2\/users\/1"}],"replies":[{"embeddable":true,"href":"https:\/\/christinecoblentz.com\/index.php?rest_route=%2Fwp%2Fv2%2Fcomments&post=140"}],"version-history":[{"count":2,"href":"https:\/\/christinecoblentz.com\/index.php?rest_route=\/wp\/v2\/pages\/140\/revisions"}],"predecessor-version":[{"id":150,"href":"https:\/\/christinecoblentz.com\/index.php?rest_route=\/wp\/v2\/pages\/140\/revisions\/150"}],"wp:attachment":[{"href":"https:\/\/christinecoblentz.com\/index.php?rest_route=%2Fwp%2Fv2%2Fmedia&parent=140"}],"curies":[{"name":"wp","href":"https:\/\/api.w.org\/{rel}","templated":true}]}}